{"id":15,"date":"2023-09-30T16:44:16","date_gmt":"2023-09-30T14:44:16","guid":{"rendered":"https:\/\/sbibsecurite.com\/?page_id=15"},"modified":"2026-03-04T12:59:21","modified_gmt":"2026-03-04T12:59:21","slug":"le-nouveau-e-mucem-ouvre-ses-portes-2","status":"publish","type":"page","link":"https:\/\/sbibsecurite.com\/","title":{"rendered":"SBIB SECURITY"},"content":{"rendered":"\n<h2 class=\"wp-block-heading alignwide has-text-align-center hero-section has-background-color has-text-color has-background has-link-color has-normal-font-size wp-elements-b27c6293c951dd7ec6addffd0bca670f\" id=\"we-re-a-studio-in-berlin-with-an-international-practice-in-architecture-urban-planning-and-interior-design-we-believe-in-sharing-knowledge-and-promoting-dialogue-to-increase-the-creative-potential-of-collaboration\" style=\"background-color:#c8a646;line-height:1.1\"><strong>Soci\u00e9t\u00e9 de S\u00e9curit\u00e9 Priv\u00e9e en Guin\u00e9e<\/strong><\/h2>\n\n\n\n<h2 class=\"wp-block-heading alignwide has-text-align-center has-normal-font-size\"><strong>Garder, Prot\u00e9ger, Anticiper.<\/strong><\/h2>\n\n\n\n<h2 class=\"wp-block-heading has-text-align-center has-text-color has-link-color has-normal-font-size wp-elements-c037812a20b1e37a75e38cac74b44e43\" style=\"color:#222222;font-style:normal;font-weight:400\">Solutions professionnelles de surveillance, protection rapproch\u00e9e et s\u00e9curisation de sites sensibles.<\/h2>\n\n\n\n<div class=\"wp-block-buttons is-layout-flex wp-block-buttons-is-layout-flex\">\n<div class=\"wp-block-button btn-gold, btn-outline is-style-outline is-style-outline--1\"><a class=\"wp-block-button__link has-background-color has-text-color has-background has-link-color wp-element-button\" href=\"https:\/\/sbibsecurite.com\/index.php\/contact\/\" style=\"background-color:#c8a646\">Demander un Devis<\/a><\/div>\n<\/div>\n\n\n\n<div class=\"wp-block-buttons is-layout-flex wp-block-buttons-is-layout-flex\">\n<div class=\"wp-block-button btn-dark blue, btn-outline\"><a class=\"wp-block-button__link has-background-color has-primary-background-color has-text-color has-background has-link-color wp-element-button\" href=\"https:\/\/sbibsecurite.com\/index.php\/contact\/\">Nous Contacter<\/a><\/div>\n<\/div>\n\n\n\n<h2 class=\"wp-block-heading has-text-align-center has-text-color has-link-color has-normal-font-size wp-elements-1b9790879c3476ecfabfe80aa2c34db2\" style=\"color:#0f2b46;font-style:normal;font-weight:400\"><strong> <\/strong>\u00ab L\u00e0 o\u00f9 les autres surveillent, nous S\u00e9curisons. L\u00e0 o\u00f9 les autres r\u00e9agissent, nous Pr\u00e9venons. \u00bb<\/h2>\n\n\n\n<div data-video-id=\"\" class='wp-block-html5-player-video html5_video_players' class=\"wp-block-html5-player-video\" data-nonce=\"\n    8b90310720\" data-attributes=\"\n    {&quot;imported&quot;:true,&quot;uniqueId&quot;:&quot;h5vp44e785d4&quot;,&quot;source&quot;:&quot;https:\\\/\\\/sbibsecurite.com\\\/wp-content\\\/uploads\\\/2023\\\/10\\\/logo_2-1.mp4&quot;,&quot;options&quot;:{&quot;controls&quot;:[],&quot;settings&quot;:[&quot;captions&quot;,&quot;quality&quot;,&quot;speed&quot;,&quot;loop&quot;],&quot;loadSprite&quot;:true,&quot;autoplay&quot;:true,&quot;seekTime&quot;:10,&quot;volume&quot;:1,&quot;muted&quot;:true,&quot;hideControls&quot;:true,&quot;resetOnEnd&quot;:false,&quot;tooltips&quot;:{&quot;controls&quot;:true,&quot;seek&quot;:true},&quot;captions&quot;:{&quot;active&quot;:false,&quot;language&quot;:&quot;auto&quot;,&quot;update&quot;:true},&quot;ratio&quot;:null,&quot;storage&quot;:{&quot;enabled&quot;:true,&quot;key&quot;:&quot;plyr&quot;},&quot;speed&quot;:{&quot;options&quot;:[&quot;1&quot;,&quot;2&quot;,&quot;3&quot;,&quot;0.5&quot;,&quot;0.75&quot;,&quot;1.25&quot;,&quot;1.5&quot;,&quot;1.75&quot;,&quot;2.5&quot;]},&quot;loop&quot;:{&quot;active&quot;:true},&quot;ads&quot;:{&quot;enabled&quot;:true},&quot;urls&quot;:{&quot;enabled&quot;:false},&quot;markers&quot;:{&quot;enabled&quot;:true,&quot;points&quot;:[]},&quot;preload&quot;:&quot;metadata&quot;,&quot;imported&quot;:true},&quot;features&quot;:{&quot;popup&quot;:{&quot;enabled&quot;:false,&quot;type&quot;:&quot;poster&quot;,&quot;btnText&quot;:&quot;Watch Video&quot;,&quot;align&quot;:&quot;center&quot;,&quot;btnStyle&quot;:{&quot;color&quot;:&quot;#fff&quot;,&quot;backgroundColor&quot;:&quot;#006BA1&quot;,&quot;fontSize&quot;:&quot;16px&quot;,&quot;padding&quot;:{&quot;top&quot;:&quot;10px&quot;,&quot;right&quot;:&quot;20px&quot;,&quot;bottom&quot;:&quot;10px&quot;,&quot;left&quot;:&quot;20px&quot;}},&quot;isTrigger&quot;:true},&quot;overlay&quot;:{&quot;enabled&quot;:false,&quot;items&quot;:[{&quot;color&quot;:&quot;#ffffff&quot;,&quot;backgroundColor&quot;:&quot;#333&quot;,&quot;fontSize&quot;:{&quot;number&quot;:20,&quot;unit&quot;:&quot;px&quot;},&quot;position&quot;:&quot;top_right&quot;,&quot;type&quot;:&quot;logo&quot;,&quot;opacity&quot;:0.8}]},&quot;endScreen&quot;:{&quot;enabled&quot;:false,&quot;text&quot;:&quot;Endscreen text&quot;,&quot;btnText&quot;:&quot;Watch Again&quot;,&quot;btnLink&quot;:&quot;#&quot;,&quot;btnStyle&quot;:[]},&quot;thumbInPause&quot;:{&quot;enabled&quot;:false,&quot;type&quot;:&quot;default&quot;},&quot;watermark&quot;:{&quot;color&quot;:&quot;#f00&quot;,&quot;type&quot;:&quot;email&quot;,&quot;text&quot;:&quot;&quot;},&quot;passwordProtected&quot;:{&quot;enabled&quot;:false,&quot;errorMessage&quot;:&quot;Password didn&#039;t matched&quot;,&quot;heading&quot;:&quot;Please Entire the password to access the video&quot;,&quot;button&quot;:{&quot;text&quot;:&quot;Access&quot;,&quot;color&quot;:&quot;#222&quot;,&quot;backgroundColor&quot;:&quot;#ffffffe3&quot;},&quot;password&quot;:null},&quot;sticky&quot;:{&quot;enabled&quot;:false,&quot;position&quot;:&quot;top_right&quot;},&quot;playWhenVisible&quot;:false,&quot;disablePause&quot;:false,&quot;hideYoutubeUI&quot;:false,&quot;startTime&quot;:0,&quot;hideLoadingPlaceholder&quot;:true,&quot;saveState&quot;:false},&quot;styles&quot;:{&quot;plyr_wrapper&quot;:{&quot;width&quot;:&quot;150%&quot;,&quot;borderRadius&quot;:&quot;5px&quot;},&quot;plyr&quot;:{&quot;borderRadius&quot;:&quot;0px&quot;},&quot;.plyr&quot;:{&quot;--plyr-color-main&quot;:&quot;#00b2ff&quot;}},&quot;controls&quot;:{&quot;play-large&quot;:false,&quot;restart&quot;:false,&quot;rewind&quot;:false,&quot;play&quot;:false,&quot;fast-forward&quot;:false,&quot;progress&quot;:false,&quot;current-time&quot;:false,&quot;duration&quot;:false,&quot;mute&quot;:false,&quot;volume&quot;:false,&quot;pip&quot;:false,&quot;airplay&quot;:false,&quot;settings&quot;:false,&quot;download&quot;:false,&quot;fullscreen&quot;:false},&quot;width&quot;:{&quot;number&quot;:100,&quot;unit&quot;:&quot;%&quot;,&quot;isDeprecated&quot;:true},&quot;repeat&quot;:true,&quot;autoplay&quot;:true,&quot;muted&quot;:true,&quot;provider&quot;:&quot;self-hosted&quot;,&quot;poster&quot;:&quot;&quot;,&quot;onlyLoggedIn&quot;:{&quot;whoCanSeeThisVideo&quot;:&quot;everyone&quot;,&quot;allowedRoles&quot;:[],&quot;message&quot;:&quot;This video is only for registered users. Please login to watch the video.&quot;},&quot;seo&quot;:{&quot;title&quot;:&quot;&quot;,&quot;description&quot;:&quot;&quot;,&quot;duration&quot;:&quot;&quot;},&quot;quality&quot;:[],&quot;subtitle&quot;:[{&quot;label&quot;:&quot;English\\\/en&quot;,&quot;caption_file&quot;:&quot;&quot;}],&quot;thumbInPause&quot;:false,&quot;hideYoutubeUI&quot;:false,&quot;autoplayWhenVisible&quot;:false,&quot;CSS&quot;:&quot;&quot;,&quot;isCDURL&quot;:false,&quot;posterTime&quot;:20,&quot;chapters&quot;:[],&quot;brandColor&quot;:&quot;#00B3FF&quot;,&quot;radius&quot;:{&quot;number&quot;:0,&quot;unit&quot;:&quot;px&quot;},&quot;sticky&quot;:false,&quot;stickyPosition&quot;:&quot;top-right&quot;,&quot;popup&quot;:false,&quot;popupType&quot;:&quot;button&quot;,&quot;playsinline&quot;:false,&quot;popupBtnStyle&quot;:[],&quot;popupBtnText&quot;:&quot;Watch Video&quot;,&quot;disablePause&quot;:false,&quot;thumbStyle&quot;:&quot;default&quot;,&quot;resetOnEnd&quot;:false,&quot;autoHideControl&quot;:true,&quot;protected&quot;:false,&quot;protectedText&quot;:&quot;Please enter password to wath the video&quot;,&quot;seekTime&quot;:10,&quot;startTime&quot;:0,&quot;preload&quot;:&quot;metadata&quot;,&quot;overlay&quot;:false,&quot;overlayType&quot;:&quot;text&quot;,&quot;overlayText&quot;:&quot;Simple Text&quot;,&quot;overlayPosition&quot;:&quot;top_right&quot;,&quot;overlayBackground&quot;:&quot;#333&quot;,&quot;overlayOpacity&quot;:0.8,&quot;overlayTextColor&quot;:&quot;#ffffff&quot;,&quot;overlayFontSize&quot;:{&quot;number&quot;:20,&quot;unit&quot;:&quot;px&quot;},&quot;overlayTextHoverColor&quot;:&quot;#ffffff&quot;,&quot;endScreen&quot;:{&quot;enabled&quot;:false,&quot;text&quot;:&quot;Simple Text&quot;,&quot;btnText&quot;:&quot;Click Here&quot;,&quot;btnLink&quot;:&quot;&quot;,&quot;btnStyle&quot;:[]},&quot;endscreen&quot;:false,&quot;endscreenText&quot;:&quot;Endscreen text&quot;,&quot;endscreenTextLink&quot;:&quot;#&quot;,&quot;streaming&quot;:false,&quot;streamingType&quot;:&quot;hls&quot;,&quot;speed&quot;:{&quot;1&quot;:true,&quot;2&quot;:true,&quot;3&quot;:true,&quot;0.5&quot;:true,&quot;0.75&quot;:true,&quot;1.25&quot;:true,&quot;1.5&quot;:true,&quot;1.75&quot;:true,&quot;2.5&quot;:true},&quot;captionEnabled&quot;:false,&quot;saveState&quot;:false}\" data-preset=\"\n    null\">\n    <\/div>\n\n\n<h2 class=\"wp-block-heading has-text-align-center has-primary-color has-text-color has-link-color has-normal-font-size wp-elements-91cbfbc2db78a65d386bc9c5c4a187d2\">Qui Sommes-Nous ?<\/h2>\n\n\n\n<h2 class=\"wp-block-heading has-text-align-center has-primary-color has-text-color has-link-color has-small-font-size wp-elements-3852c56a71517f698d25a2e36490c31e\" style=\"font-style:normal;font-weight:400\">SBIB Security est une entreprise guin\u00e9enne sp\u00e9cialis\u00e9e dans la s\u00e9curit\u00e9 priv\u00e9e.<br>Nous assurons la surveillance, la protection rapproch\u00e9e et la s\u00e9curisation de sites sensibles avec rigueur, discipline et professionnalisme.<\/h2>\n\n\n\n<figure class=\"wp-block-image size-large\"><img loading=\"lazy\" decoding=\"async\" width=\"1024\" height=\"461\" src=\"https:\/\/sbibsecurite.com\/wp-content\/uploads\/2026\/02\/5-1024x461.jpg\" alt=\"\" class=\"wp-image-675\" srcset=\"https:\/\/sbibsecurite.com\/wp-content\/uploads\/2026\/02\/5-1024x461.jpg 1024w, https:\/\/sbibsecurite.com\/wp-content\/uploads\/2026\/02\/5-300x135.jpg 300w, https:\/\/sbibsecurite.com\/wp-content\/uploads\/2026\/02\/5-768x345.jpg 768w, https:\/\/sbibsecurite.com\/wp-content\/uploads\/2026\/02\/5-1536x691.jpg 1536w, https:\/\/sbibsecurite.com\/wp-content\/uploads\/2026\/02\/5-2048x921.jpg 2048w, https:\/\/sbibsecurite.com\/wp-content\/uploads\/2026\/02\/5-1200x540.jpg 1200w, https:\/\/sbibsecurite.com\/wp-content\/uploads\/2026\/02\/5-1980x891.jpg 1980w\" sizes=\"auto, (max-width: 1024px) 100vw, 1024px\" \/><\/figure>\n\n\n\n<h2 class=\"wp-block-heading has-text-align-center has-text-color has-link-color has-normal-font-size wp-elements-711e535ebcac3ad3f7f049a2a2db0d64\" style=\"color:#0f2b46\">Nos Services<\/h2>\n\n\n\n<h2 class=\"wp-block-heading has-text-color has-link-color has-normal-font-size wp-elements-c592891cdcf6b74c770b5e9287268ead\" style=\"color:#0f2b46\">\ud83d\udee1 <strong>Surveillance de Sites<\/strong><br>Entreprises, banques, r\u00e9sidences, chantiers.<\/h2>\n\n\n\n<h2 class=\"wp-block-heading has-text-color has-link-color has-normal-font-size wp-elements-44e19e7178c8199f46f39e009833085d\" style=\"color:#0f2b46\">\ud83d\ude93 <strong>Protection Rapproch\u00e9e<\/strong><br>S\u00e9curit\u00e9 VIP et escortes professionnelles.<\/h2>\n\n\n\n<h2 class=\"wp-block-heading has-text-color has-link-color has-normal-font-size wp-elements-7aec6ce7cf3a1f6c8c07f38a7bc2e6c0\" style=\"color:#0f2b46\">\ud83c\udfed <strong>S\u00e9curisation Industrielle<\/strong><br>Mines, usines et sites sensibles.<\/h2>\n\n\n\n<h2 class=\"wp-block-heading has-text-color has-link-color has-normal-font-size wp-elements-883ae3dfabf32dab672ec44c81a90e1f\" style=\"color:#0f2b46\">\ud83d\udccb <strong>Gestion &amp; Supervision<\/strong><br>Contr\u00f4le qualit\u00e9 et coordination strat\u00e9gique.<\/h2>\n\n\n\n<h2 class=\"wp-block-heading has-text-align-center has-text-color has-link-color has-normal-font-size wp-elements-c173eea3a1012369b7b6c0f970fc864a\" style=\"color:#0f2b46\">Pourquoi Choisir SBIB Security ?<\/h2>\n\n\n\n<ul class=\"wp-block-list\">\n<li>\u2714 Agents form\u00e9s et certifi\u00e9s<\/li>\n\n\n\n<li>\u2714 Intervention rapide 24h\/24<\/li>\n\n\n\n<li>\u2714 Supervision et contr\u00f4le permanent<\/li>\n\n\n\n<li>\u2714 Respect strict des proc\u00e9dures<\/li>\n\n\n\n<li>\u2714 Pr\u00e9sence nationale<\/li>\n<\/ul>\n\n\n\n<h2 class=\"wp-block-heading has-text-align-center has-text-color has-link-color has-normal-font-size wp-elements-cf395bf30dca1fd0c3fd0f7f0ad8eeb5\" style=\"color:#0f2b46\">STATISTIQUES<\/h2>\n\n\n\n<p>+300 Agents Professionnels<br>+70 Sites S\u00e9curis\u00e9s<br>24\/7 Disponibilit\u00e9<br>100% Engagement<\/p>\n\n\n\n<h2 class=\"wp-block-heading has-text-align-center has-normal-font-size\">PHOTO GALERIE<\/h2>\n\n\n\n<div class=\"wp-block-group is-nowrap is-layout-flex wp-container-core-group-is-layout-ad2f72ca wp-block-group-is-layout-flex\">\n<figure class=\"wp-block-gallery has-nested-images columns-default is-cropped wp-block-gallery-2 is-layout-flex wp-block-gallery-is-layout-flex\">\n<figure class=\"wp-block-image size-large\"><img loading=\"lazy\" decoding=\"async\" width=\"1024\" height=\"449\" data-id=\"617\" src=\"https:\/\/sbibsecurite.com\/wp-content\/uploads\/2025\/10\/IMG-20230513-WA0020-1024x449.jpg\" alt=\"\" class=\"wp-image-617\" srcset=\"https:\/\/sbibsecurite.com\/wp-content\/uploads\/2025\/10\/IMG-20230513-WA0020-1024x449.jpg 1024w, https:\/\/sbibsecurite.com\/wp-content\/uploads\/2025\/10\/IMG-20230513-WA0020-300x132.jpg 300w, https:\/\/sbibsecurite.com\/wp-content\/uploads\/2025\/10\/IMG-20230513-WA0020-768x337.jpg 768w, https:\/\/sbibsecurite.com\/wp-content\/uploads\/2025\/10\/IMG-20230513-WA0020.jpg 1080w\" sizes=\"auto, (max-width: 1024px) 100vw, 1024px\" \/><\/figure>\n\n\n\n<figure class=\"wp-block-image size-large\"><img loading=\"lazy\" decoding=\"async\" width=\"1024\" height=\"461\" data-id=\"572\" src=\"https:\/\/sbibsecurite.com\/wp-content\/uploads\/2025\/10\/IMG_20230509_105714-1024x461.jpg\" alt=\"\" class=\"wp-image-572\" srcset=\"https:\/\/sbibsecurite.com\/wp-content\/uploads\/2025\/10\/IMG_20230509_105714-1024x461.jpg 1024w, https:\/\/sbibsecurite.com\/wp-content\/uploads\/2025\/10\/IMG_20230509_105714-300x135.jpg 300w, https:\/\/sbibsecurite.com\/wp-content\/uploads\/2025\/10\/IMG_20230509_105714-768x345.jpg 768w, https:\/\/sbibsecurite.com\/wp-content\/uploads\/2025\/10\/IMG_20230509_105714-1536x691.jpg 1536w, https:\/\/sbibsecurite.com\/wp-content\/uploads\/2025\/10\/IMG_20230509_105714-2048x921.jpg 2048w, https:\/\/sbibsecurite.com\/wp-content\/uploads\/2025\/10\/IMG_20230509_105714-1200x540.jpg 1200w, https:\/\/sbibsecurite.com\/wp-content\/uploads\/2025\/10\/IMG_20230509_105714-1980x891.jpg 1980w\" sizes=\"auto, (max-width: 1024px) 100vw, 1024px\" \/><\/figure>\n\n\n\n<figure class=\"wp-block-image size-large\"><img loading=\"lazy\" decoding=\"async\" width=\"960\" height=\"464\" data-id=\"562\" src=\"https:\/\/sbibsecurite.com\/wp-content\/uploads\/2025\/10\/291874533_778533356853467_6564994033648734503_n.jpg\" alt=\"\" class=\"wp-image-562\" srcset=\"https:\/\/sbibsecurite.com\/wp-content\/uploads\/2025\/10\/291874533_778533356853467_6564994033648734503_n.jpg 960w, https:\/\/sbibsecurite.com\/wp-content\/uploads\/2025\/10\/291874533_778533356853467_6564994033648734503_n-300x145.jpg 300w, https:\/\/sbibsecurite.com\/wp-content\/uploads\/2025\/10\/291874533_778533356853467_6564994033648734503_n-768x371.jpg 768w\" sizes=\"auto, (max-width: 960px) 100vw, 960px\" \/><\/figure>\n\n\n\n<figure class=\"wp-block-image size-large\"><img loading=\"lazy\" decoding=\"async\" width=\"1024\" height=\"461\" data-id=\"546\" src=\"https:\/\/sbibsecurite.com\/wp-content\/uploads\/2025\/10\/IMG_20231014_172129-1024x461.jpg\" alt=\"\" class=\"wp-image-546\" srcset=\"https:\/\/sbibsecurite.com\/wp-content\/uploads\/2025\/10\/IMG_20231014_172129-1024x461.jpg 1024w, https:\/\/sbibsecurite.com\/wp-content\/uploads\/2025\/10\/IMG_20231014_172129-300x135.jpg 300w, https:\/\/sbibsecurite.com\/wp-content\/uploads\/2025\/10\/IMG_20231014_172129-768x345.jpg 768w, https:\/\/sbibsecurite.com\/wp-content\/uploads\/2025\/10\/IMG_20231014_172129-1536x691.jpg 1536w, https:\/\/sbibsecurite.com\/wp-content\/uploads\/2025\/10\/IMG_20231014_172129-2048x921.jpg 2048w, https:\/\/sbibsecurite.com\/wp-content\/uploads\/2025\/10\/IMG_20231014_172129-1200x540.jpg 1200w, https:\/\/sbibsecurite.com\/wp-content\/uploads\/2025\/10\/IMG_20231014_172129-1980x891.jpg 1980w\" sizes=\"auto, (max-width: 1024px) 100vw, 1024px\" \/><\/figure>\n\n\n\n<figure class=\"wp-block-image size-large\"><img loading=\"lazy\" decoding=\"async\" width=\"958\" height=\"686\" data-id=\"614\" src=\"https:\/\/sbibsecurite.com\/wp-content\/uploads\/2025\/10\/FB_IMG_167931-1.jpg\" alt=\"\" class=\"wp-image-614\" srcset=\"https:\/\/sbibsecurite.com\/wp-content\/uploads\/2025\/10\/FB_IMG_167931-1.jpg 958w, https:\/\/sbibsecurite.com\/wp-content\/uploads\/2025\/10\/FB_IMG_167931-1-300x215.jpg 300w, https:\/\/sbibsecurite.com\/wp-content\/uploads\/2025\/10\/FB_IMG_167931-1-768x550.jpg 768w\" sizes=\"auto, (max-width: 958px) 100vw, 958px\" \/><\/figure>\n\n\n\n<figure class=\"wp-block-image size-large\"><img loading=\"lazy\" decoding=\"async\" width=\"1024\" height=\"541\" data-id=\"534\" src=\"https:\/\/sbibsecurite.com\/wp-content\/uploads\/2025\/10\/IMG_1950-1024x541.jpeg\" alt=\"\" class=\"wp-image-534\" srcset=\"https:\/\/sbibsecurite.com\/wp-content\/uploads\/2025\/10\/IMG_1950-1024x541.jpeg 1024w, https:\/\/sbibsecurite.com\/wp-content\/uploads\/2025\/10\/IMG_1950-300x158.jpeg 300w, https:\/\/sbibsecurite.com\/wp-content\/uploads\/2025\/10\/IMG_1950-768x406.jpeg 768w, https:\/\/sbibsecurite.com\/wp-content\/uploads\/2025\/10\/IMG_1950-1536x811.jpeg 1536w, https:\/\/sbibsecurite.com\/wp-content\/uploads\/2025\/10\/IMG_1950-2048x1082.jpeg 2048w, https:\/\/sbibsecurite.com\/wp-content\/uploads\/2025\/10\/IMG_1950-1200x634.jpeg 1200w, https:\/\/sbibsecurite.com\/wp-content\/uploads\/2025\/10\/IMG_1950-1980x1046.jpeg 1980w\" sizes=\"auto, (max-width: 1024px) 100vw, 1024px\" \/><\/figure>\n\n\n\n<figure class=\"wp-block-image size-large\"><img loading=\"lazy\" decoding=\"async\" width=\"1024\" height=\"768\" data-id=\"234\" src=\"https:\/\/sbibsecurite.com\/wp-content\/uploads\/2023\/10\/20231005_105033-1024x768.jpg\" alt=\"\" class=\"wp-image-234\" srcset=\"https:\/\/sbibsecurite.com\/wp-content\/uploads\/2023\/10\/20231005_105033-1024x768.jpg 1024w, https:\/\/sbibsecurite.com\/wp-content\/uploads\/2023\/10\/20231005_105033-300x225.jpg 300w, https:\/\/sbibsecurite.com\/wp-content\/uploads\/2023\/10\/20231005_105033-768x576.jpg 768w, https:\/\/sbibsecurite.com\/wp-content\/uploads\/2023\/10\/20231005_105033-1536x1152.jpg 1536w, https:\/\/sbibsecurite.com\/wp-content\/uploads\/2023\/10\/20231005_105033-2048x1536.jpg 2048w, https:\/\/sbibsecurite.com\/wp-content\/uploads\/2023\/10\/20231005_105033-1200x900.jpg 1200w, https:\/\/sbibsecurite.com\/wp-content\/uploads\/2023\/10\/20231005_105033-1980x1485.jpg 1980w\" sizes=\"auto, (max-width: 1024px) 100vw, 1024px\" \/><\/figure>\n\n\n\n<figure class=\"wp-block-image size-large\"><img loading=\"lazy\" decoding=\"async\" width=\"499\" height=\"500\" data-id=\"81\" src=\"https:\/\/sbibsecurite.com\/wp-content\/uploads\/2023\/10\/IMG-20220518-WA0007-1.jpg\" alt=\"\" class=\"wp-image-81\" srcset=\"https:\/\/sbibsecurite.com\/wp-content\/uploads\/2023\/10\/IMG-20220518-WA0007-1.jpg 499w, https:\/\/sbibsecurite.com\/wp-content\/uploads\/2023\/10\/IMG-20220518-WA0007-1-300x300.jpg 300w, https:\/\/sbibsecurite.com\/wp-content\/uploads\/2023\/10\/IMG-20220518-WA0007-1-150x150.jpg 150w\" sizes=\"auto, (max-width: 499px) 100vw, 499px\" \/><\/figure>\n<\/figure>\n<\/div>\n\n\n\n<h2 class=\"wp-block-heading has-text-align-center has-text-color has-link-color has-normal-font-size wp-elements-ab018e5bc6d4951294db74173a511a87\" style=\"color:#0f2b46\">CONTACTES<\/h2>\n\n\n\n<h2 class=\"wp-block-heading has-text-align-center has-primary-color has-text-color has-normal-font-size\" style=\"font-style:normal;font-weight:300\">\ud83d\udccd Adresse: Nongo, commune de Ratoma, Conakry, R\u00e9publique de Guin\u00e9e<\/h2>\n\n\n\n<h2 class=\"wp-block-heading has-text-align-center has-normal-font-size\" style=\"font-style:normal;font-weight:300\"><br>\ud83d\udce7: contacts@sbibsecurite.com<\/h2>\n\n\n\n<h2 class=\"wp-block-heading has-text-align-center has-normal-font-size\" style=\"font-style:normal;font-weight:300\">\ud83d\udce7: sbibcontacts@gmail.com<\/h2>\n\n\n\n<h2 class=\"wp-block-heading has-text-align-center has-primary-color has-text-color has-link-color has-normal-font-size wp-elements-ee00583e125fe303497fb2920bab1065\" style=\"font-style:normal;font-weight:300\">\ud83d\udcde T\u00e9l\u00e9phone : +224 627 042304<\/h2>\n\n\n\n<a href=\"https:\/\/maps.google.com\/?q=SBIB+Security,+Conakry,+Guinea\" target=\"_blank\">\n  \ud83d\udccd Trouver SBIB Security sur Google Maps\n<\/a>\n\n\n<div class=\"wp-block-image\">\n<figure class=\"aligncenter size-full\"><img loading=\"lazy\" decoding=\"async\" width=\"256\" height=\"249\" src=\"https:\/\/sbibsecurite.com\/wp-content\/uploads\/2026\/03\/logo_icesm.png\" alt=\"\" class=\"wp-image-723\"\/><\/figure>\n<\/div>\n\n\n<p><\/p>\n","protected":false},"excerpt":{"rendered":"<p>Soci\u00e9t\u00e9 de S\u00e9curit\u00e9 Priv\u00e9e en Guin\u00e9e Garder, Prot\u00e9ger, Anticiper. Solutions professionnelles de surveillance, protection rapproch\u00e9e et s\u00e9curisation de sites sensibles. \u00ab L\u00e0 o\u00f9 les autres surveillent, nous S\u00e9curisons. L\u00e0 o\u00f9 les autres r\u00e9agissent, nous Pr\u00e9venons. \u00bb Qui Sommes-Nous ? SBIB Security est une entreprise guin\u00e9enne sp\u00e9cialis\u00e9e dans la s\u00e9curit\u00e9 priv\u00e9e.Nous assurons la surveillance, la protection [&hellip;]<\/p>\n","protected":false},"author":1,"featured_media":0,"parent":0,"menu_order":0,"comment_status":"closed","ping_status":"closed","template":"","meta":{"footnotes":""},"class_list":["post-15","page","type-page","status-publish","hentry"],"_links":{"self":[{"href":"https:\/\/sbibsecurite.com\/index.php\/wp-json\/wp\/v2\/pages\/15","targetHints":{"allow":["GET"]}}],"collection":[{"href":"https:\/\/sbibsecurite.com\/index.php\/wp-json\/wp\/v2\/pages"}],"about":[{"href":"https:\/\/sbibsecurite.com\/index.php\/wp-json\/wp\/v2\/types\/page"}],"author":[{"embeddable":true,"href":"https:\/\/sbibsecurite.com\/index.php\/wp-json\/wp\/v2\/users\/1"}],"replies":[{"embeddable":true,"href":"https:\/\/sbibsecurite.com\/index.php\/wp-json\/wp\/v2\/comments?post=15"}],"version-history":[{"count":160,"href":"https:\/\/sbibsecurite.com\/index.php\/wp-json\/wp\/v2\/pages\/15\/revisions"}],"predecessor-version":[{"id":733,"href":"https:\/\/sbibsecurite.com\/index.php\/wp-json\/wp\/v2\/pages\/15\/revisions\/733"}],"wp:attachment":[{"href":"https:\/\/sbibsecurite.com\/index.php\/wp-json\/wp\/v2\/media?parent=15"}],"curies":[{"name":"wp","href":"https:\/\/api.w.org\/{rel}","templated":true}]}}